{"id":63,"date":"2015-10-06T09:28:57","date_gmt":"2015-10-06T09:28:57","guid":{"rendered":"http:\/\/guitaracademy.es\/?page_id=63"},"modified":"2025-09-16T09:02:22","modified_gmt":"2025-09-16T09:02:22","slug":"guitar-academy-2","status":"publish","type":"page","link":"https:\/\/guitaracademy.es\/index.php\/guitar-academy-2\/","title":{"rendered":"Las Clases"},"content":{"rendered":"<h3 class=\"pagetitle\"><\/h3>\n<h3 class=\"pagetitle\"><img decoding=\"async\" loading=\"lazy\" class=\"alignright wp-image-140 size-medium\" src=\"http:\/\/guitaracademy.es\/wp-content\/uploads\/2015\/10\/Estudio-300x200.jpg\" alt=\"Estudio\" width=\"300\" height=\"200\" srcset=\"https:\/\/guitaracademy.es\/wp-content\/uploads\/2015\/10\/Estudio-300x200.jpg 300w, https:\/\/guitaracademy.es\/wp-content\/uploads\/2015\/10\/Estudio-1024x681.jpg 1024w, https:\/\/guitaracademy.es\/wp-content\/uploads\/2015\/10\/Estudio.jpg 2000w\" sizes=\"(max-width: 300px) 100vw, 300px\" \/>Informaci\u00f3n general<\/h3>\n<p style=\"text-align: justify;\">Profesor de guitarra titulado por el Registry of Guitar Tutors (U.K.) y con m\u00e1s de diez a\u00f1os de experiencia en el mundo de la ense\u00f1anza musical.<\/p>\n<p style=\"text-align: justify;\">Aar\u00f3n L\u00f3pez presenta un nuevo concepto en el aprendizaje de la guitarra, ya que mezcla lo mejor de las escuelas de m\u00fasica, con lo mejor de las clases particulares. Un programa pedag\u00f3gico extra\u00eddo de las mejores escuelas tanto nacionales como internacionales y reconocido por el\u00a0<em><strong>London College of Music Exams<\/strong><\/em>\u00a0y\u00a0<em><strong>University of West London.<br \/>\n<\/strong><\/em><\/p>\n<p style=\"text-align: justify;\">Las clases son totalmente personalizadas aunque siguen unas directrices claras: un control exhaustivo de los avances mediante informes de seguimiento y una flexibilidad de trabajo\u00a0que te facilita\u00a0la asistencia a clases tanto si eres\u00a0estudiantes como si eres \u00a0un\u00a0\u00a0trabajador, ya que las sesiones se adaptan a tu ritmo de vida.<\/p>\n<p style=\"text-align: justify;\"><strong>Las Clases Particulares<\/strong>\u00a0tienen la intenci\u00f3n de ofrecer una ense\u00f1anza exclusiva y de calidad, personalizando las clases para cada persona, ya sea avanzado o principiante, seg\u00fan tu predilecci\u00f3n musical, aunque siguiendo un programa pedag\u00f3gico de base desarrollado tras largos a\u00f1os de experiencia.<\/p>\n<p style=\"text-align: justify;\">El programa pedag\u00f3gico se compone de nueve grados:<\/p>\n<p style=\"text-align: justify;\">Desde el\u00a0<strong>Grado Preliminar<\/strong>, en el que se explican los elementos b\u00e1sicos de la guitarra, los primeros acordes y las primeras melod\u00edas, hasta el\u00a0<strong>Grado ocho<\/strong>, enfocado al guitarrista profesional. El grado ocho capacita al estudiante para tocar cualquier estilo de m\u00fasica a nivel profesional, y para ser m\u00fasico de sesi\u00f3n y directo, director musical de cualquier banda o proyecto de m\u00fasica moderna, compositor, arreglista, profesor de guitarra\u2026<\/p>\n<p style=\"text-align: justify;\">El sistema de ense\u00f1anza ha sido pensado para adaptarse a cualquier persona, ya que se acomoda a tus\u00a0horarios y a tu ritmo de vida, de forma que las clases\u00a0pueden ser m\u00e1s suaves o m\u00e1s rigurosas en funci\u00f3n del tiempo libre de cada uno.<\/p>\n<h3 style=\"text-align: justify;\">Otras Ventajas<\/h3>\n<p><img decoding=\"async\" loading=\"lazy\" class=\"alignleft wp-image-120 size-medium\" src=\"http:\/\/guitaracademy.es\/wp-content\/uploads\/2015\/10\/DSC_0027-300x200.jpg\" alt=\"Guitarras 4\" width=\"300\" height=\"200\" srcset=\"https:\/\/guitaracademy.es\/wp-content\/uploads\/2015\/10\/DSC_0027-300x200.jpg 300w, https:\/\/guitaracademy.es\/wp-content\/uploads\/2015\/10\/DSC_0027-1024x681.jpg 1024w, https:\/\/guitaracademy.es\/wp-content\/uploads\/2015\/10\/DSC_0027.jpg 2000w\" sizes=\"(max-width: 300px) 100vw, 300px\" \/>En cuanto al material, tienes la oportunidad de asistir a clase sin necesidad de traer tu propia guitarra. Es decir, si a\u00fan no dispones de guitarra propia, o por log\u00edstica no te es posible traerla a clase, contar\u00e1s con una amplia gama de guitarras a tu\u00a0disposici\u00f3n\u00a0<strong>sin ning\u00fan coste adicional<\/strong>, tanto el\u00e9ctricas, ac\u00fasticas o\u00a0espa\u00f1olas.<\/p>\n<p><strong>El aula de m\u00fasica<\/strong>\u00a0est\u00e1 equipada con todo lo necesario para realizar las clases con la mayor comodidad\u00a0posible. Dispone de una gran variedad de amplificadores de guitarra, microfon\u00eda profesional, ordenador equipado con el software m\u00e1s puntero de grabaci\u00f3n de Apple, \u201cJam Session virtual\u201d y generaci\u00f3n de bases r\u00edtmicas con bater\u00edas reales, piano para realizar acompa\u00f1amientos e improvisaciones&#8230;<img decoding=\"async\" loading=\"lazy\" class=\"alignright wp-image-290 size-medium\" src=\"http:\/\/guitaracademy.es\/wp-content\/uploads\/2015\/10\/Captura-de-pantalla-2015-10-12-a-las-9.10.48-300x169.png\" alt=\"\" width=\"300\" height=\"169\" srcset=\"https:\/\/guitaracademy.es\/wp-content\/uploads\/2015\/10\/Captura-de-pantalla-2015-10-12-a-las-9.10.48-300x169.png 300w, https:\/\/guitaracademy.es\/wp-content\/uploads\/2015\/10\/Captura-de-pantalla-2015-10-12-a-las-9.10.48-1024x576.png 1024w, https:\/\/guitaracademy.es\/wp-content\/uploads\/2015\/10\/Captura-de-pantalla-2015-10-12-a-las-9.10.48.png 1920w\" sizes=\"(max-width: 300px) 100vw, 300px\" \/><\/p>\n<p style=\"text-align: justify;\">Por todo ello,\u00a0si quieres aprender a tocar la guitarra o reforzar tus conocimientos musicales, si eres<br \/>\nprincipiante o alumno avanzado, si es un hobby o una vocaci\u00f3n este es tu sitio.<\/p>\n<p style=\"text-align: justify;\">Para solicitar acceso a la clases particulares, o recibir m\u00e1s informaci\u00f3n no dudes en ponerte en contacto por email, por tel\u00e9fono o WhatsApp<\/p>\n<p style=\"text-align: justify;\">Precio de las clases:<\/p>\n<table id=\"supsystic-table-1\" class=\"supsystic-table border cell-border dataTable no-footer\" style=\"height: 124px;\" width=\"752\" data-features=\"[&quot;auto_width&quot;]\" data-lang=\"Spanish\" data-override=\"{&quot;file&quot;:&quot;Spanish&quot;,&quot;emptyTable&quot;:&quot;&quot;,&quot;info&quot;:&quot;&quot;,&quot;infoEmpty&quot;:&quot;&quot;,&quot;infoFiltered&quot;:&quot;&quot;,&quot;lengthMenu&quot;:&quot;&quot;,&quot;search&quot;:&quot;&quot;,&quot;zeroRecords&quot;:&quot;&quot;}\">\n<caption>Precio de las Clases<\/caption>\n<thead>\n<tr>\n<th class=\"sorting_disabled\" colspan=\"1\" rowspan=\"1\" width=\"100\">Tipo<\/th>\n<th class=\"sorting_disabled\" colspan=\"1\" rowspan=\"1\" width=\"225\">Disposici\u00f3n<\/th>\n<th class=\"sorting_disabled\" colspan=\"1\" rowspan=\"1\" width=\"214\">Duraci\u00f3n<\/th>\n<th class=\"sorting_disabled\" colspan=\"1\" rowspan=\"1\" width=\"181\">Precio<\/th>\n<\/tr>\n<\/thead>\n<tbody>\n<tr class=\"odd\">\n<td id=\"A2\" class=\"\" data-y=\"1\" data-x=\"0\">Standard<\/td>\n<td id=\"B2\" class=\"\" data-y=\"1\" data-x=\"1\">Semanal (4 Clases\/mes)<\/td>\n<td id=\"C2\" class=\"\" data-y=\"1\" data-x=\"2\">60 min.\/Clase<\/td>\n<td id=\"D2\" class=\"\" data-y=\"1\" data-x=\"3\">120\u20ac\/mes<\/td>\n<\/tr>\n<tr class=\"even\">\n<td id=\"A3\" class=\"\" data-y=\"2\" data-x=\"0\">Sueltas<\/td>\n<td id=\"B3\" class=\"\" data-y=\"2\" data-x=\"1\">Sin horario<\/td>\n<td id=\"C3\" class=\"\" data-y=\"2\" data-x=\"2\">60 min.\/Clase<\/td>\n<td id=\"D3\" class=\"\" data-y=\"2\" data-x=\"3\">35\u20ac\/clase<\/td>\n<\/tr>\n<\/tbody>\n<\/table>\n<p>*El precio de las clases es fijo aunque hay meses que contienen 5 semanas.<\/p>\n<h3><b>Valoraci\u00f3n\u00a0de Alumnos y Ex-alumnos<\/b><\/h3>\n<p><b>Patricia Huguet\u00a0<a href=\"http:\/\/guitaracademy.es\/wp-content\/uploads\/2015\/10\/5-stars.png\"><img decoding=\"async\" loading=\"lazy\" class=\"wp-image-421 alignnone\" src=\"http:\/\/guitaracademy.es\/wp-content\/uploads\/2015\/10\/5-stars-300x53.png\" alt=\"5 stars\" width=\"74\" height=\"13\" srcset=\"https:\/\/guitaracademy.es\/wp-content\/uploads\/2015\/10\/5-stars-300x53.png 300w, https:\/\/guitaracademy.es\/wp-content\/uploads\/2015\/10\/5-stars-1024x181.png 1024w, https:\/\/guitaracademy.es\/wp-content\/uploads\/2015\/10\/5-stars.png 1139w\" sizes=\"(max-width: 74px) 100vw, 74px\" \/><\/a><br \/>\n<i>\u201c<\/i><\/b><i>Aaron es un excelente profesor. Se ajusta perfectamente a tus intereses y a tu ritmo de aprendizaje. El entorno de las clases es un estudio perfectamente equipado y tiene guitarras a tu disposici\u00f3n para que no tengas que desplazarte con la tuya hasta all\u00ed. Y, adem\u00e1s, una gran persona. Estoy muy contenta con \u00e9l, \u00a1totalmente recomendable!\u201d<\/i><\/p>\n<p><i><\/i><b>Carmen\u00a0<a href=\"http:\/\/guitaracademy.es\/wp-content\/uploads\/2015\/10\/5-stars.png\"><img decoding=\"async\" loading=\"lazy\" class=\"wp-image-421 alignnone\" src=\"http:\/\/guitaracademy.es\/wp-content\/uploads\/2015\/10\/5-stars-300x53.png\" alt=\"5 stars\" width=\"74\" height=\"13\" srcset=\"https:\/\/guitaracademy.es\/wp-content\/uploads\/2015\/10\/5-stars-300x53.png 300w, https:\/\/guitaracademy.es\/wp-content\/uploads\/2015\/10\/5-stars-1024x181.png 1024w, https:\/\/guitaracademy.es\/wp-content\/uploads\/2015\/10\/5-stars.png 1139w\" sizes=\"(max-width: 74px) 100vw, 74px\" \/><\/a><br \/>\n\u201c<\/b><i>Es el mejor profesor que podr\u00eda tener, en tres a\u00f1os de clases he aprendido much\u00edsimo. Las clases son amenas, divertidas y muy provechosas. Se aprende de todo, lenguaje musical, armon\u00eda, t\u00e9cnica, ritmo, etc&#8230;y todo eso en un ambiente de aprendizaje genial. \u00a1Ah! &#8230;.y tener la oportunidad de verlo tocar a \u00e9l en las clases es todo un lujo! Muy muy recomendable.\u201d<\/i><\/p>\n<p><i><\/i><b>Yanan\u00a0<a href=\"http:\/\/guitaracademy.es\/wp-content\/uploads\/2015\/10\/5-stars.png\"><img decoding=\"async\" loading=\"lazy\" class=\"wp-image-421 alignnone\" src=\"http:\/\/guitaracademy.es\/wp-content\/uploads\/2015\/10\/5-stars-300x53.png\" alt=\"5 stars\" width=\"74\" height=\"13\" srcset=\"https:\/\/guitaracademy.es\/wp-content\/uploads\/2015\/10\/5-stars-300x53.png 300w, https:\/\/guitaracademy.es\/wp-content\/uploads\/2015\/10\/5-stars-1024x181.png 1024w, https:\/\/guitaracademy.es\/wp-content\/uploads\/2015\/10\/5-stars.png 1139w\" sizes=\"(max-width: 74px) 100vw, 74px\" \/><\/a><br \/>\n\u201c<\/b><i>un gran profesor muy inteligente y amable sabe como inspira a sus estudiantes y hacerles comprender los conocimientos de guitarra de una manera facil. Sus clases son interesantes y relajantes, si te interesa aprender guitarra rapido y facilmente el es la mejor opcion como su profe.\u201d<\/i><\/p>\n<p><b>Joan\u00a0<a href=\"http:\/\/guitaracademy.es\/wp-content\/uploads\/2015\/10\/5-stars.png\"><img decoding=\"async\" loading=\"lazy\" class=\"wp-image-421 alignnone\" src=\"http:\/\/guitaracademy.es\/wp-content\/uploads\/2015\/10\/5-stars-300x53.png\" alt=\"5 stars\" width=\"74\" height=\"13\" srcset=\"https:\/\/guitaracademy.es\/wp-content\/uploads\/2015\/10\/5-stars-300x53.png 300w, https:\/\/guitaracademy.es\/wp-content\/uploads\/2015\/10\/5-stars-1024x181.png 1024w, https:\/\/guitaracademy.es\/wp-content\/uploads\/2015\/10\/5-stars.png 1139w\" sizes=\"(max-width: 74px) 100vw, 74px\" \/><\/a><br \/>\n<\/b><i>\u201cLa paciencia es una GRAN virtud&#8230;si se mezcla con conocimiento, la mezcla es BRUTAL!. Adem\u00e1s, es una muy buena persona??<\/i><\/p>\n<p><i><\/i><b>Marcos\u00a0<a href=\"http:\/\/guitaracademy.es\/wp-content\/uploads\/2015\/10\/5-stars.png\"><img decoding=\"async\" loading=\"lazy\" class=\"wp-image-421 alignnone\" src=\"http:\/\/guitaracademy.es\/wp-content\/uploads\/2015\/10\/5-stars-300x53.png\" alt=\"5 stars\" width=\"74\" height=\"13\" srcset=\"https:\/\/guitaracademy.es\/wp-content\/uploads\/2015\/10\/5-stars-300x53.png 300w, https:\/\/guitaracademy.es\/wp-content\/uploads\/2015\/10\/5-stars-1024x181.png 1024w, https:\/\/guitaracademy.es\/wp-content\/uploads\/2015\/10\/5-stars.png 1139w\" sizes=\"(max-width: 74px) 100vw, 74px\" \/><\/a><br \/>\n\u201c<\/b><i>Clases amenas que se adaptan totalmente a tu ritmo. Siempre est\u00e1 abierto a sugerencias y flexible a nuevas propuestas. En mi caso me vino muy bien el no tener que desplazarme con la guitarra y adem\u00e1s puedes probar con diferentes tipos y estilos. Yo empec\u00e9 de 0 y he progresado much\u00edsimo. Os lo recomiendo\u201d<\/i><\/p>\n<p><b>Judith\u00a0<a href=\"http:\/\/guitaracademy.es\/wp-content\/uploads\/2015\/10\/5-stars.png\"><img decoding=\"async\" loading=\"lazy\" class=\"wp-image-421 alignnone\" src=\"http:\/\/guitaracademy.es\/wp-content\/uploads\/2015\/10\/5-stars-300x53.png\" alt=\"5 stars\" width=\"74\" height=\"13\" srcset=\"https:\/\/guitaracademy.es\/wp-content\/uploads\/2015\/10\/5-stars-300x53.png 300w, https:\/\/guitaracademy.es\/wp-content\/uploads\/2015\/10\/5-stars-1024x181.png 1024w, https:\/\/guitaracademy.es\/wp-content\/uploads\/2015\/10\/5-stars.png 1139w\" sizes=\"(max-width: 74px) 100vw, 74px\" \/><\/a><\/b><i><br \/>\n&#8220;Hace las clases con contenido y siempre se adapta a sugerencias. Dispone de amplios conocimientos y te transmite su amor hacia la m\u00fasica. Complementa tambi\u00e9n su equipo inform\u00e1tico aplicativos musicales para hacer composiciones. Yo ya llevo 3 a\u00f1os y lo recomiendo\u201d<\/i><\/p>\n<p><b>Napole\u00f3n Arroyo\u00a0<a href=\"http:\/\/guitaracademy.es\/wp-content\/uploads\/2015\/10\/5-stars.png\"><img decoding=\"async\" loading=\"lazy\" class=\"wp-image-421 alignnone\" src=\"http:\/\/guitaracademy.es\/wp-content\/uploads\/2015\/10\/5-stars-300x53.png\" alt=\"5 stars\" width=\"74\" height=\"13\" srcset=\"https:\/\/guitaracademy.es\/wp-content\/uploads\/2015\/10\/5-stars-300x53.png 300w, https:\/\/guitaracademy.es\/wp-content\/uploads\/2015\/10\/5-stars-1024x181.png 1024w, https:\/\/guitaracademy.es\/wp-content\/uploads\/2015\/10\/5-stars.png 1139w\" sizes=\"(max-width: 74px) 100vw, 74px\" \/><\/a><\/b><i><br \/>\n\u201cAaron hace que la experiencia de aprender sea muy agradable, se adapta a mis necesidades sin perder de vista las progresi\u00f3n t\u00e9cnica y musical que se necesita para progresar. Imparte las clases en un entorno agradable y su estudio est\u00e1 a la \u00faltima, perfectamente equipado para sonar estupendo, grabar&#8230;. Adem\u00e1s dispone de guitarras de varios tipos, para que al salir de trabajar no tenga que cargar con la m\u00eda. Genial !! Cada d\u00eda sueno mejor !!!\u201d<\/i><\/p>\n<p><i><\/i><b>Sandra Artero P\u00e9rez\u00a0<a href=\"http:\/\/guitaracademy.es\/wp-content\/uploads\/2015\/10\/5-stars.png\"><img decoding=\"async\" loading=\"lazy\" class=\"wp-image-421 alignnone\" src=\"http:\/\/guitaracademy.es\/wp-content\/uploads\/2015\/10\/5-stars-300x53.png\" alt=\"5 stars\" width=\"74\" height=\"13\" srcset=\"https:\/\/guitaracademy.es\/wp-content\/uploads\/2015\/10\/5-stars-300x53.png 300w, https:\/\/guitaracademy.es\/wp-content\/uploads\/2015\/10\/5-stars-1024x181.png 1024w, https:\/\/guitaracademy.es\/wp-content\/uploads\/2015\/10\/5-stars.png 1139w\" sizes=\"(max-width: 74px) 100vw, 74px\" \/><\/a><br \/>\n\u201c<\/b><i>El profesor con m\u00e1s paciencia que he tenido jam\u00e1s. Busca la manera m\u00e1s f\u00e1cil de encontrar una explicaci\u00f3n para tus dudas y no para hasta que lo entiendas. Detallista en todo momento. M\u00e1s amable imposible.\u201d<\/i><\/p>\n<p><i><\/i><b>Jordi\u00a0<a href=\"http:\/\/guitaracademy.es\/wp-content\/uploads\/2015\/10\/5-stars.png\"><img decoding=\"async\" loading=\"lazy\" class=\"wp-image-421 alignnone\" src=\"http:\/\/guitaracademy.es\/wp-content\/uploads\/2015\/10\/5-stars-300x53.png\" alt=\"5 stars\" width=\"74\" height=\"13\" srcset=\"https:\/\/guitaracademy.es\/wp-content\/uploads\/2015\/10\/5-stars-300x53.png 300w, https:\/\/guitaracademy.es\/wp-content\/uploads\/2015\/10\/5-stars-1024x181.png 1024w, https:\/\/guitaracademy.es\/wp-content\/uploads\/2015\/10\/5-stars.png 1139w\" sizes=\"(max-width: 74px) 100vw, 74px\" \/><\/a><br \/>\n\u201c<\/b><i>No solo explica muy bien los conceptos te\u00f3ricos, sino que sabe motivarte para seguir esforz\u00e1ndote para mejorar.\u201d<\/i><\/p>\n<p><b>Daniel\u00a0<a href=\"http:\/\/guitaracademy.es\/wp-content\/uploads\/2015\/10\/5-stars.png\"><img decoding=\"async\" loading=\"lazy\" class=\"wp-image-421 alignnone\" src=\"http:\/\/guitaracademy.es\/wp-content\/uploads\/2015\/10\/5-stars-300x53.png\" alt=\"5 stars\" width=\"74\" height=\"13\" srcset=\"https:\/\/guitaracademy.es\/wp-content\/uploads\/2015\/10\/5-stars-300x53.png 300w, https:\/\/guitaracademy.es\/wp-content\/uploads\/2015\/10\/5-stars-1024x181.png 1024w, https:\/\/guitaracademy.es\/wp-content\/uploads\/2015\/10\/5-stars.png 1139w\" sizes=\"(max-width: 74px) 100vw, 74px\" \/><\/a><\/b><i><br \/>\n\u201cAaron hace las clases comprensibles y entretenidas para los que no tenemos ninguna formaci\u00f3n musical.\u201d<\/i><\/p>\n<p><b>Jos\u00e9 Cerc\u00f3s\u00a0<img decoding=\"async\" loading=\"lazy\" class=\"wp-image-422 alignnone\" src=\"http:\/\/guitaracademy.es\/wp-content\/uploads\/2015\/10\/4-stars-300x53.png\" alt=\"4 stars\" width=\"68\" height=\"12\" srcset=\"https:\/\/guitaracademy.es\/wp-content\/uploads\/2015\/10\/4-stars-300x53.png 300w, https:\/\/guitaracademy.es\/wp-content\/uploads\/2015\/10\/4-stars-1024x181.png 1024w, https:\/\/guitaracademy.es\/wp-content\/uploads\/2015\/10\/4-stars.png 1139w\" sizes=\"(max-width: 68px) 100vw, 68px\" \/><\/b><i><br \/>\n\u201cAar\u00f3n es un profesor de guitarra genial; en especial con guitarra el\u00e9ctrica. Sobretodo, si eres un alumno con iniciativa en aprender bastante sobre guitarra el\u00e9ctrica (o con metas espec\u00edficas como tocar hard rock, metal, etc&#8230;) puedes aprender much\u00edsimo de \u00e9l, porque conoce todos esos estilos. De hecho, en mi caso, ten\u00eda como objetivo tocar metal, y he acabado apreciando y descubriendo otros estilos todo lo que se puede hacer con una guitarra! Pedales, distorsiones, amplificadores\u2026&#8221;\u00a0<\/i><\/p>\n<p><i><\/i><b>Tony Mateo\u00a0<a href=\"http:\/\/guitaracademy.es\/wp-content\/uploads\/2015\/10\/5-stars.png\"><img decoding=\"async\" loading=\"lazy\" class=\"wp-image-421 alignnone\" src=\"http:\/\/guitaracademy.es\/wp-content\/uploads\/2015\/10\/5-stars-300x53.png\" alt=\"5 stars\" width=\"74\" height=\"13\" srcset=\"https:\/\/guitaracademy.es\/wp-content\/uploads\/2015\/10\/5-stars-300x53.png 300w, https:\/\/guitaracademy.es\/wp-content\/uploads\/2015\/10\/5-stars-1024x181.png 1024w, https:\/\/guitaracademy.es\/wp-content\/uploads\/2015\/10\/5-stars.png 1139w\" sizes=\"(max-width: 74px) 100vw, 74px\" \/><\/a><\/b><i><br \/>\n\u201cLo mejor que se puede esperar de un profesor , paciente, sincero,le gusta lo que hace, una buena pedagog\u00eda , empez\u00f3 siendo un profesor y ahora somos grandes amigos\u201d\u00a0<\/i><\/p>\n<p><i><\/i><b>T.S.Fresno\u00a0<a href=\"http:\/\/guitaracademy.es\/wp-content\/uploads\/2015\/10\/5-stars.png\"><img decoding=\"async\" loading=\"lazy\" class=\"wp-image-421 alignnone\" src=\"http:\/\/guitaracademy.es\/wp-content\/uploads\/2015\/10\/5-stars-300x53.png\" alt=\"5 stars\" width=\"74\" height=\"13\" srcset=\"https:\/\/guitaracademy.es\/wp-content\/uploads\/2015\/10\/5-stars-300x53.png 300w, https:\/\/guitaracademy.es\/wp-content\/uploads\/2015\/10\/5-stars-1024x181.png 1024w, https:\/\/guitaracademy.es\/wp-content\/uploads\/2015\/10\/5-stars.png 1139w\" sizes=\"(max-width: 74px) 100vw, 74px\" \/><\/a><\/b><i><br \/>\n\u201cMuy buen profesor, ordenado, competente y experto. Muy recomendable.\u201d<\/i><\/p>\n<p><i><\/i><b>Santiago Cimas\u00a0<img decoding=\"async\" loading=\"lazy\" class=\"wp-image-422 alignnone\" src=\"http:\/\/guitaracademy.es\/wp-content\/uploads\/2015\/10\/4-stars-300x53.png\" alt=\"4 stars\" width=\"68\" height=\"12\" srcset=\"https:\/\/guitaracademy.es\/wp-content\/uploads\/2015\/10\/4-stars-300x53.png 300w, https:\/\/guitaracademy.es\/wp-content\/uploads\/2015\/10\/4-stars-1024x181.png 1024w, https:\/\/guitaracademy.es\/wp-content\/uploads\/2015\/10\/4-stars.png 1139w\" sizes=\"(max-width: 68px) 100vw, 68px\" \/><\/b><i><br \/>\n\u201cGran metodolog\u00eda que incentiva practicar en casa. Aaron es una persona muy cercana y sociable lo que facilita el fluir de las clases. Aprender pasando un buen rato acompa\u00f1ado de un crack de la guitarra!\u201d<\/i><\/p>\n<p><i><\/i><b>Sion Garc\u00eda Peyro\u00a0<a href=\"http:\/\/guitaracademy.es\/wp-content\/uploads\/2015\/10\/5-stars.png\"><img decoding=\"async\" loading=\"lazy\" class=\"wp-image-421 alignnone\" src=\"http:\/\/guitaracademy.es\/wp-content\/uploads\/2015\/10\/5-stars-300x53.png\" alt=\"5 stars\" width=\"74\" height=\"13\" srcset=\"https:\/\/guitaracademy.es\/wp-content\/uploads\/2015\/10\/5-stars-300x53.png 300w, https:\/\/guitaracademy.es\/wp-content\/uploads\/2015\/10\/5-stars-1024x181.png 1024w, https:\/\/guitaracademy.es\/wp-content\/uploads\/2015\/10\/5-stars.png 1139w\" sizes=\"(max-width: 74px) 100vw, 74px\" \/><\/a><\/b><i><br \/>\n\u201cBuen comunicador,guitarrista y pedagogo.Sabe ense\u00f1ar seg\u00fan la edad y preparaci\u00f3n del alumno.\u201d<\/i><\/p>\n<p><i><\/i><b>Mayte\u00a0<a href=\"http:\/\/guitaracademy.es\/wp-content\/uploads\/2015\/10\/5-stars.png\"><img decoding=\"async\" loading=\"lazy\" class=\"wp-image-421 alignnone\" src=\"http:\/\/guitaracademy.es\/wp-content\/uploads\/2015\/10\/5-stars-300x53.png\" alt=\"5 stars\" width=\"74\" height=\"13\" srcset=\"https:\/\/guitaracademy.es\/wp-content\/uploads\/2015\/10\/5-stars-300x53.png 300w, https:\/\/guitaracademy.es\/wp-content\/uploads\/2015\/10\/5-stars-1024x181.png 1024w, https:\/\/guitaracademy.es\/wp-content\/uploads\/2015\/10\/5-stars.png 1139w\" sizes=\"(max-width: 74px) 100vw, 74px\" \/><\/a><\/b><i><br \/>\n\u201cLa experiencia en las clases es muy positiva. Aprendo facilmente ,pues tiene ese &#8220;don&#8221; de saber el como explicar y practicar en su justo momento.\u201d<\/i><\/p>\n<p><i><\/i><b>Dani Silvestre\u00a0<a href=\"http:\/\/guitaracademy.es\/wp-content\/uploads\/2015\/10\/5-stars.png\"><img decoding=\"async\" loading=\"lazy\" class=\"wp-image-421 alignnone\" src=\"http:\/\/guitaracademy.es\/wp-content\/uploads\/2015\/10\/5-stars-300x53.png\" alt=\"5 stars\" width=\"74\" height=\"13\" srcset=\"https:\/\/guitaracademy.es\/wp-content\/uploads\/2015\/10\/5-stars-300x53.png 300w, https:\/\/guitaracademy.es\/wp-content\/uploads\/2015\/10\/5-stars-1024x181.png 1024w, https:\/\/guitaracademy.es\/wp-content\/uploads\/2015\/10\/5-stars.png 1139w\" sizes=\"(max-width: 74px) 100vw, 74px\" \/><\/a><\/b><i><br \/>\n\u201c\u00a1Gran profesor y mejor persona! :)\u201d<\/i><\/p>\n<p><i><\/i><b>Ricardo Gala\u00a0<img decoding=\"async\" loading=\"lazy\" class=\"wp-image-422 alignnone\" src=\"http:\/\/guitaracademy.es\/wp-content\/uploads\/2015\/10\/4-stars-300x53.png\" alt=\"4 stars\" width=\"68\" height=\"12\" srcset=\"https:\/\/guitaracademy.es\/wp-content\/uploads\/2015\/10\/4-stars-300x53.png 300w, https:\/\/guitaracademy.es\/wp-content\/uploads\/2015\/10\/4-stars-1024x181.png 1024w, https:\/\/guitaracademy.es\/wp-content\/uploads\/2015\/10\/4-stars.png 1139w\" sizes=\"(max-width: 68px) 100vw, 68px\" \/><\/b><i><br \/>\n\u201cMuy buen profesor. Explica muy bien, conocimientos amplios de teor\u00eda musical, gran guitarrista, y muchas cosas m\u00e1s.\u201d<\/i><\/p>\n<p><i><\/i><b>Gerard\u00a0<a href=\"http:\/\/guitaracademy.es\/wp-content\/uploads\/2015\/10\/5-stars.png\"><img decoding=\"async\" loading=\"lazy\" class=\"wp-image-421 alignnone\" src=\"http:\/\/guitaracademy.es\/wp-content\/uploads\/2015\/10\/5-stars-300x53.png\" alt=\"5 stars\" width=\"74\" height=\"13\" srcset=\"https:\/\/guitaracademy.es\/wp-content\/uploads\/2015\/10\/5-stars-300x53.png 300w, https:\/\/guitaracademy.es\/wp-content\/uploads\/2015\/10\/5-stars-1024x181.png 1024w, https:\/\/guitaracademy.es\/wp-content\/uploads\/2015\/10\/5-stars.png 1139w\" sizes=\"(max-width: 74px) 100vw, 74px\" \/><\/a><\/b><i><br \/>\n\u201cGenial! Aparte de ser un buen profesor es muy agradable y muy buena persona. Ayuda mucho asistir a sus clases para mejorar y conocer conceptos nuevos.Las clases son muy amenas y siempre tienes ganas de mas! Lo recomiendo.\u201d<\/i><\/p>\n<p><b>Dani Marcos\u00a0<img decoding=\"async\" loading=\"lazy\" class=\"wp-image-422 alignnone\" src=\"http:\/\/guitaracademy.es\/wp-content\/uploads\/2015\/10\/4-stars-300x53.png\" alt=\"4 stars\" width=\"68\" height=\"12\" srcset=\"https:\/\/guitaracademy.es\/wp-content\/uploads\/2015\/10\/4-stars-300x53.png 300w, https:\/\/guitaracademy.es\/wp-content\/uploads\/2015\/10\/4-stars-1024x181.png 1024w, https:\/\/guitaracademy.es\/wp-content\/uploads\/2015\/10\/4-stars.png 1139w\" sizes=\"(max-width: 68px) 100vw, 68px\" \/><br \/>\n\u201c<\/b><i>9 porque siempre buscamos algo mas barato. Aaron, muy amable y gracioso, nunca vas a salir con mala cara de las clases,sabe mucho de musica y tiene mucha cultura musical, se aprende r\u00e1pido y tiene buen equipo, guitarras y hace eventos de tanto en tanto.\u201d<\/i><\/p>\n<p><b>Paco\u00a0<a href=\"http:\/\/guitaracademy.es\/wp-content\/uploads\/2015\/10\/5-stars.png\"><img decoding=\"async\" loading=\"lazy\" class=\"wp-image-421 alignnone\" src=\"http:\/\/guitaracademy.es\/wp-content\/uploads\/2015\/10\/5-stars-300x53.png\" alt=\"5 stars\" width=\"74\" height=\"13\" srcset=\"https:\/\/guitaracademy.es\/wp-content\/uploads\/2015\/10\/5-stars-300x53.png 300w, https:\/\/guitaracademy.es\/wp-content\/uploads\/2015\/10\/5-stars-1024x181.png 1024w, https:\/\/guitaracademy.es\/wp-content\/uploads\/2015\/10\/5-stars.png 1139w\" sizes=\"(max-width: 74px) 100vw, 74px\" \/><\/a><\/b><br \/>\n\u201c<i>Simplemente Espectacular\u201d<\/i><\/p>\n","protected":false},"excerpt":{"rendered":"<p>Informaci\u00f3n general Profesor de guitarra titulado por el Registry of Guitar Tutors (U.K.) y con m\u00e1s de diez a\u00f1os de experiencia en el mundo de la ense\u00f1anza musical. Aar\u00f3n L\u00f3pez presenta un nuevo concepto en el aprendizaje de la guitarra, ya que mezcla lo mejor de las escuelas de m\u00fasica, con lo mejor de las &#8230; <span class=\"more\"><a class=\"more-link\" href=\"https:\/\/guitaracademy.es\/index.php\/guitar-academy-2\/\">[Read more&#8230;]<\/a><\/span><\/p>\n","protected":false},"author":1,"featured_media":0,"parent":0,"menu_order":0,"comment_status":"closed","ping_status":"closed","template":"","meta":[],"_links":{"self":[{"href":"https:\/\/guitaracademy.es\/index.php\/wp-json\/wp\/v2\/pages\/63"}],"collection":[{"href":"https:\/\/guitaracademy.es\/index.php\/wp-json\/wp\/v2\/pages"}],"about":[{"href":"https:\/\/guitaracademy.es\/index.php\/wp-json\/wp\/v2\/types\/page"}],"author":[{"embeddable":true,"href":"https:\/\/guitaracademy.es\/index.php\/wp-json\/wp\/v2\/users\/1"}],"replies":[{"embeddable":true,"href":"https:\/\/guitaracademy.es\/index.php\/wp-json\/wp\/v2\/comments?post=63"}],"version-history":[{"count":25,"href":"https:\/\/guitaracademy.es\/index.php\/wp-json\/wp\/v2\/pages\/63\/revisions"}],"predecessor-version":[{"id":553,"href":"https:\/\/guitaracademy.es\/index.php\/wp-json\/wp\/v2\/pages\/63\/revisions\/553"}],"wp:attachment":[{"href":"https:\/\/guitaracademy.es\/index.php\/wp-json\/wp\/v2\/media?parent=63"}],"curies":[{"name":"wp","href":"https:\/\/api.w.org\/{rel}","templated":true}]}}