{"id":2,"date":"2015-10-04T15:57:22","date_gmt":"2015-10-04T15:57:22","guid":{"rendered":"http:\/\/guitaracademy.es\/?page_id=2"},"modified":"2016-03-09T16:18:00","modified_gmt":"2016-03-09T16:18:00","slug":"pagina-ejemplo","status":"publish","type":"page","link":"https:\/\/guitaracademy.es\/","title":{"rendered":"Presentaci\u00f3n"},"content":{"rendered":"<p><iframe loading=\"lazy\" src=\"https:\/\/www.youtube.com\/embed\/S1IYE7y9mZg\" width=\"560\" height=\"315\" frameborder=\"0\" allowfullscreen=\"allowfullscreen\"><\/iframe><\/p>\n<p>Guitar Academy\u00a0presenta un nuevo concepto en el aprendizaje de la guitarra, ya que mezcla lo mejor de las escuelas de m\u00fasica, con lo mejor de las clases particulares. Un programa pedag\u00f3gico extra\u00eddo de las mejores escuelas tanto nacionales como internacionales y reconocido por el\u00a0<strong>London College of Music Exams<\/strong>\u00a0y\u00a0<strong>University of West London.<\/strong><\/p>\n<p>Con la m\u00e1xima flexibilidad tanto en horarios como en m\u00e9todos de trabajo para adaptarse a cualquier\u00a0persona.<\/p>\n<p>Si quieres aprender a tocar la guitarra, tanto el\u00e9ctrica, ac\u00fastica como cl\u00e1sica,\u00a0o si deseas reforzar tus conocimientos musicales, aqu\u00ed tienes tu espacio para desarrollar todas tus aptitudes musicales.<\/p>\n<h3><b>Valoraci\u00f3n\u00a0de Alumnos y Ex-alumnos<\/b><\/h3>\n<p><b>Patricia Huguet\u00a0<a href=\"http:\/\/guitaracademy.es\/wp-content\/uploads\/2015\/10\/5-stars.png\"><img decoding=\"async\" loading=\"lazy\" class=\"wp-image-421 alignnone\" src=\"http:\/\/guitaracademy.es\/wp-content\/uploads\/2015\/10\/5-stars-300x53.png\" alt=\"5 stars\" width=\"74\" height=\"13\" srcset=\"https:\/\/guitaracademy.es\/wp-content\/uploads\/2015\/10\/5-stars-300x53.png 300w, https:\/\/guitaracademy.es\/wp-content\/uploads\/2015\/10\/5-stars-1024x181.png 1024w, https:\/\/guitaracademy.es\/wp-content\/uploads\/2015\/10\/5-stars.png 1139w\" sizes=\"(max-width: 74px) 100vw, 74px\" \/><\/a><br \/>\n<i> \u201c<\/i><\/b><i>Aaron es un excelente profesor. Se ajusta perfectamente a tus intereses y a tu ritmo de aprendizaje. El entorno de las clases es un estudio perfectamente equipado y tiene guitarras a tu disposici\u00f3n para que no tengas que desplazarte con la tuya hasta all\u00ed. Y, adem\u00e1s, una gran persona. Estoy muy contenta con \u00e9l, \u00a1totalmente recomendable!\u201d<\/i><\/p>\n<p><i> <\/i><b>Carmen\u00a0<a href=\"http:\/\/guitaracademy.es\/wp-content\/uploads\/2015\/10\/5-stars.png\"><img decoding=\"async\" loading=\"lazy\" class=\"wp-image-421 alignnone\" src=\"http:\/\/guitaracademy.es\/wp-content\/uploads\/2015\/10\/5-stars-300x53.png\" alt=\"5 stars\" width=\"74\" height=\"13\" srcset=\"https:\/\/guitaracademy.es\/wp-content\/uploads\/2015\/10\/5-stars-300x53.png 300w, https:\/\/guitaracademy.es\/wp-content\/uploads\/2015\/10\/5-stars-1024x181.png 1024w, https:\/\/guitaracademy.es\/wp-content\/uploads\/2015\/10\/5-stars.png 1139w\" sizes=\"(max-width: 74px) 100vw, 74px\" \/><\/a><br \/>\n\u201c<\/b><i>Es el mejor profesor que podr\u00eda tener, en tres a\u00f1os de clases he aprendido much\u00edsimo. Las clases son amenas, divertidas y muy provechosas. Se aprende de todo, lenguaje musical, armon\u00eda, t\u00e9cnica, ritmo, etc&#8230;y todo eso en un ambiente de aprendizaje genial. \u00a1Ah! &#8230;.y tener la oportunidad de verlo tocar a \u00e9l en las clases es todo un lujo! Muy muy recomendable.\u201d<\/i><\/p>\n<p><i> <\/i><b>Yanan\u00a0<a href=\"http:\/\/guitaracademy.es\/wp-content\/uploads\/2015\/10\/5-stars.png\"><img decoding=\"async\" loading=\"lazy\" class=\"wp-image-421 alignnone\" src=\"http:\/\/guitaracademy.es\/wp-content\/uploads\/2015\/10\/5-stars-300x53.png\" alt=\"5 stars\" width=\"74\" height=\"13\" srcset=\"https:\/\/guitaracademy.es\/wp-content\/uploads\/2015\/10\/5-stars-300x53.png 300w, https:\/\/guitaracademy.es\/wp-content\/uploads\/2015\/10\/5-stars-1024x181.png 1024w, https:\/\/guitaracademy.es\/wp-content\/uploads\/2015\/10\/5-stars.png 1139w\" sizes=\"(max-width: 74px) 100vw, 74px\" \/><\/a><br \/>\n\u201c<\/b><i>un gran profesor muy inteligente y amable sabe como inspira a sus estudiantes y hacerles comprender los conocimientos de guitarra de una manera facil. Sus clases son interesantes y relajantes, si te interesa aprender guitarra rapido y facilmente el es la mejor opcion como su profe.\u201d<\/i><\/p>\n<p><b>Joan\u00a0<a href=\"http:\/\/guitaracademy.es\/wp-content\/uploads\/2015\/10\/5-stars.png\"><img decoding=\"async\" loading=\"lazy\" class=\"wp-image-421 alignnone\" src=\"http:\/\/guitaracademy.es\/wp-content\/uploads\/2015\/10\/5-stars-300x53.png\" alt=\"5 stars\" width=\"74\" height=\"13\" srcset=\"https:\/\/guitaracademy.es\/wp-content\/uploads\/2015\/10\/5-stars-300x53.png 300w, https:\/\/guitaracademy.es\/wp-content\/uploads\/2015\/10\/5-stars-1024x181.png 1024w, https:\/\/guitaracademy.es\/wp-content\/uploads\/2015\/10\/5-stars.png 1139w\" sizes=\"(max-width: 74px) 100vw, 74px\" \/><\/a><br \/>\n<\/b><i>\u201cLa paciencia es una GRAN virtud&#8230;si se mezcla con conocimiento, la mezcla es BRUTAL!. Adem\u00e1s, es una muy buena persona??<\/i><\/p>\n<p><i> <\/i><b>Marcos\u00a0<a href=\"http:\/\/guitaracademy.es\/wp-content\/uploads\/2015\/10\/5-stars.png\"><img decoding=\"async\" loading=\"lazy\" class=\"wp-image-421 alignnone\" src=\"http:\/\/guitaracademy.es\/wp-content\/uploads\/2015\/10\/5-stars-300x53.png\" alt=\"5 stars\" width=\"74\" height=\"13\" srcset=\"https:\/\/guitaracademy.es\/wp-content\/uploads\/2015\/10\/5-stars-300x53.png 300w, https:\/\/guitaracademy.es\/wp-content\/uploads\/2015\/10\/5-stars-1024x181.png 1024w, https:\/\/guitaracademy.es\/wp-content\/uploads\/2015\/10\/5-stars.png 1139w\" sizes=\"(max-width: 74px) 100vw, 74px\" \/><\/a><br \/>\n\u201c<\/b><i>Clases amenas que se adaptan totalmente a tu ritmo. Siempre est\u00e1 abierto a sugerencias y flexible a nuevas propuestas. En mi caso me vino muy bien el no tener que desplazarme con la guitarra y adem\u00e1s puedes probar con diferentes tipos y estilos. Yo empec\u00e9 de 0 y he progresado much\u00edsimo. Os lo recomiendo\u201d<\/i><\/p>\n<p><b>Judith\u00a0<a href=\"http:\/\/guitaracademy.es\/wp-content\/uploads\/2015\/10\/5-stars.png\"><img decoding=\"async\" loading=\"lazy\" class=\"wp-image-421 alignnone\" src=\"http:\/\/guitaracademy.es\/wp-content\/uploads\/2015\/10\/5-stars-300x53.png\" alt=\"5 stars\" width=\"74\" height=\"13\" srcset=\"https:\/\/guitaracademy.es\/wp-content\/uploads\/2015\/10\/5-stars-300x53.png 300w, https:\/\/guitaracademy.es\/wp-content\/uploads\/2015\/10\/5-stars-1024x181.png 1024w, https:\/\/guitaracademy.es\/wp-content\/uploads\/2015\/10\/5-stars.png 1139w\" sizes=\"(max-width: 74px) 100vw, 74px\" \/><\/a><\/b><i><br \/>\n&#8220;Hace las clases con contenido y siempre se adapta a sugerencias. Dispone de amplios conocimientos y te transmite su amor hacia la m\u00fasica. Complementa tambi\u00e9n su equipo inform\u00e1tico aplicativos musicales para hacer composiciones. Yo ya llevo 3 a\u00f1os y lo recomiendo\u201d<\/i><\/p>\n<p><b>Napole\u00f3n Arroyo\u00a0<a href=\"http:\/\/guitaracademy.es\/wp-content\/uploads\/2015\/10\/5-stars.png\"><img decoding=\"async\" loading=\"lazy\" class=\"wp-image-421 alignnone\" src=\"http:\/\/guitaracademy.es\/wp-content\/uploads\/2015\/10\/5-stars-300x53.png\" alt=\"5 stars\" width=\"74\" height=\"13\" srcset=\"https:\/\/guitaracademy.es\/wp-content\/uploads\/2015\/10\/5-stars-300x53.png 300w, https:\/\/guitaracademy.es\/wp-content\/uploads\/2015\/10\/5-stars-1024x181.png 1024w, https:\/\/guitaracademy.es\/wp-content\/uploads\/2015\/10\/5-stars.png 1139w\" sizes=\"(max-width: 74px) 100vw, 74px\" \/><\/a><\/b><i><br \/>\n\u201cAaron hace que la experiencia de aprender sea muy agradable, se adapta a mis necesidades sin perder de vista las progresi\u00f3n t\u00e9cnica y musical que se necesita para progresar. Imparte las clases en un entorno agradable y su estudio est\u00e1 a la \u00faltima, perfectamente equipado para sonar estupendo, grabar&#8230;. Adem\u00e1s dispone de guitarras de varios tipos, para que al salir de trabajar no tenga que cargar con la m\u00eda. Genial !! Cada d\u00eda sueno mejor !!!\u201d<\/i><\/p>\n<p><i> <\/i><b>Sandra Artero P\u00e9rez\u00a0<a href=\"http:\/\/guitaracademy.es\/wp-content\/uploads\/2015\/10\/5-stars.png\"><img decoding=\"async\" loading=\"lazy\" class=\"wp-image-421 alignnone\" src=\"http:\/\/guitaracademy.es\/wp-content\/uploads\/2015\/10\/5-stars-300x53.png\" alt=\"5 stars\" width=\"74\" height=\"13\" srcset=\"https:\/\/guitaracademy.es\/wp-content\/uploads\/2015\/10\/5-stars-300x53.png 300w, https:\/\/guitaracademy.es\/wp-content\/uploads\/2015\/10\/5-stars-1024x181.png 1024w, https:\/\/guitaracademy.es\/wp-content\/uploads\/2015\/10\/5-stars.png 1139w\" sizes=\"(max-width: 74px) 100vw, 74px\" \/><\/a><br \/>\n\u201c<\/b><i>El profesor con m\u00e1s paciencia que he tenido jam\u00e1s. Busca la manera m\u00e1s f\u00e1cil de encontrar una explicaci\u00f3n para tus dudas y no para hasta que lo entiendas. Detallista en todo momento. M\u00e1s amable imposible.\u201d<\/i><\/p>\n<p><i> <\/i><b>Jordi\u00a0<a href=\"http:\/\/guitaracademy.es\/wp-content\/uploads\/2015\/10\/5-stars.png\"><img decoding=\"async\" loading=\"lazy\" class=\"wp-image-421 alignnone\" src=\"http:\/\/guitaracademy.es\/wp-content\/uploads\/2015\/10\/5-stars-300x53.png\" alt=\"5 stars\" width=\"74\" height=\"13\" srcset=\"https:\/\/guitaracademy.es\/wp-content\/uploads\/2015\/10\/5-stars-300x53.png 300w, https:\/\/guitaracademy.es\/wp-content\/uploads\/2015\/10\/5-stars-1024x181.png 1024w, https:\/\/guitaracademy.es\/wp-content\/uploads\/2015\/10\/5-stars.png 1139w\" sizes=\"(max-width: 74px) 100vw, 74px\" \/><\/a><br \/>\n\u201c<\/b><i>No solo explica muy bien los conceptos te\u00f3ricos, sino que sabe motivarte para seguir esforz\u00e1ndote para mejorar.\u201d<\/i><\/p>\n<p><b>Daniel\u00a0<a href=\"http:\/\/guitaracademy.es\/wp-content\/uploads\/2015\/10\/5-stars.png\"><img decoding=\"async\" loading=\"lazy\" class=\"wp-image-421 alignnone\" src=\"http:\/\/guitaracademy.es\/wp-content\/uploads\/2015\/10\/5-stars-300x53.png\" alt=\"5 stars\" width=\"74\" height=\"13\" srcset=\"https:\/\/guitaracademy.es\/wp-content\/uploads\/2015\/10\/5-stars-300x53.png 300w, https:\/\/guitaracademy.es\/wp-content\/uploads\/2015\/10\/5-stars-1024x181.png 1024w, https:\/\/guitaracademy.es\/wp-content\/uploads\/2015\/10\/5-stars.png 1139w\" sizes=\"(max-width: 74px) 100vw, 74px\" \/><\/a><\/b><i><br \/>\n\u201cAaron hace las clases comprensibles y entretenidas para los que no tenemos ninguna formaci\u00f3n musical.\u201d<\/i><\/p>\n<p><b>Jos\u00e9 Cerc\u00f3s\u00a0<img decoding=\"async\" loading=\"lazy\" class=\"wp-image-422 alignnone\" src=\"http:\/\/guitaracademy.es\/wp-content\/uploads\/2015\/10\/4-stars-300x53.png\" alt=\"4 stars\" width=\"68\" height=\"12\" srcset=\"https:\/\/guitaracademy.es\/wp-content\/uploads\/2015\/10\/4-stars-300x53.png 300w, https:\/\/guitaracademy.es\/wp-content\/uploads\/2015\/10\/4-stars-1024x181.png 1024w, https:\/\/guitaracademy.es\/wp-content\/uploads\/2015\/10\/4-stars.png 1139w\" sizes=\"(max-width: 68px) 100vw, 68px\" \/><\/b><i><br \/>\n\u201cAar\u00f3n es un profesor de guitarra genial; en especial con guitarra el\u00e9ctrica. Sobretodo, si eres un alumno con iniciativa en aprender bastante sobre guitarra el\u00e9ctrica (o con metas espec\u00edficas como tocar hard rock, metal, etc&#8230;) puedes aprender much\u00edsimo de \u00e9l, porque conoce todos esos estilos. De hecho, en mi caso, ten\u00eda como objetivo tocar metal, y he acabado apreciando y descubriendo otros estilos todo lo que se puede hacer con una guitarra! Pedales, distorsiones, amplificadores\u2026&#8221;\u00a0<\/i><\/p>\n<p><i> <\/i><b>Tony Mateo\u00a0<a href=\"http:\/\/guitaracademy.es\/wp-content\/uploads\/2015\/10\/5-stars.png\"><img decoding=\"async\" loading=\"lazy\" class=\"wp-image-421 alignnone\" src=\"http:\/\/guitaracademy.es\/wp-content\/uploads\/2015\/10\/5-stars-300x53.png\" alt=\"5 stars\" width=\"74\" height=\"13\" srcset=\"https:\/\/guitaracademy.es\/wp-content\/uploads\/2015\/10\/5-stars-300x53.png 300w, https:\/\/guitaracademy.es\/wp-content\/uploads\/2015\/10\/5-stars-1024x181.png 1024w, https:\/\/guitaracademy.es\/wp-content\/uploads\/2015\/10\/5-stars.png 1139w\" sizes=\"(max-width: 74px) 100vw, 74px\" \/><\/a><\/b><i><br \/>\n\u201cLo mejor que se puede esperar de un profesor , paciente, sincero,le gusta lo que hace, una buena pedagog\u00eda , empez\u00f3 siendo un profesor y ahora somos grandes amigos\u201d\u00a0<\/i><\/p>\n<p><i> <\/i><b>T.S.Fresno\u00a0<a href=\"http:\/\/guitaracademy.es\/wp-content\/uploads\/2015\/10\/5-stars.png\"><img decoding=\"async\" loading=\"lazy\" class=\"wp-image-421 alignnone\" src=\"http:\/\/guitaracademy.es\/wp-content\/uploads\/2015\/10\/5-stars-300x53.png\" alt=\"5 stars\" width=\"74\" height=\"13\" srcset=\"https:\/\/guitaracademy.es\/wp-content\/uploads\/2015\/10\/5-stars-300x53.png 300w, https:\/\/guitaracademy.es\/wp-content\/uploads\/2015\/10\/5-stars-1024x181.png 1024w, https:\/\/guitaracademy.es\/wp-content\/uploads\/2015\/10\/5-stars.png 1139w\" sizes=\"(max-width: 74px) 100vw, 74px\" \/><\/a><\/b><i><br \/>\n\u201cMuy buen profesor, ordenado, competente y experto. Muy recomendable.\u201d<\/i><\/p>\n<p><i> <\/i><b>Santiago Cimas\u00a0<img decoding=\"async\" loading=\"lazy\" class=\"wp-image-422 alignnone\" src=\"http:\/\/guitaracademy.es\/wp-content\/uploads\/2015\/10\/4-stars-300x53.png\" alt=\"4 stars\" width=\"68\" height=\"12\" srcset=\"https:\/\/guitaracademy.es\/wp-content\/uploads\/2015\/10\/4-stars-300x53.png 300w, https:\/\/guitaracademy.es\/wp-content\/uploads\/2015\/10\/4-stars-1024x181.png 1024w, https:\/\/guitaracademy.es\/wp-content\/uploads\/2015\/10\/4-stars.png 1139w\" sizes=\"(max-width: 68px) 100vw, 68px\" \/><\/b><i><br \/>\n\u201cGran metodolog\u00eda que incentiva practicar en casa. Aaron es una persona muy cercana y sociable lo que facilita el fluir de las clases. Aprender pasando un buen rato acompa\u00f1ado de un crack de la guitarra!\u201d<\/i><\/p>\n<p><i> <\/i><b>Sion Garc\u00eda Peyro\u00a0<a href=\"http:\/\/guitaracademy.es\/wp-content\/uploads\/2015\/10\/5-stars.png\"><img decoding=\"async\" loading=\"lazy\" class=\"wp-image-421 alignnone\" src=\"http:\/\/guitaracademy.es\/wp-content\/uploads\/2015\/10\/5-stars-300x53.png\" alt=\"5 stars\" width=\"74\" height=\"13\" srcset=\"https:\/\/guitaracademy.es\/wp-content\/uploads\/2015\/10\/5-stars-300x53.png 300w, https:\/\/guitaracademy.es\/wp-content\/uploads\/2015\/10\/5-stars-1024x181.png 1024w, https:\/\/guitaracademy.es\/wp-content\/uploads\/2015\/10\/5-stars.png 1139w\" sizes=\"(max-width: 74px) 100vw, 74px\" \/><\/a><\/b><i><br \/>\n\u201cBuen comunicador,guitarrista y pedagogo.Sabe ense\u00f1ar seg\u00fan la edad y preparaci\u00f3n del alumno.\u201d<\/i><\/p>\n<p><i> <\/i><b>Mayte\u00a0<a href=\"http:\/\/guitaracademy.es\/wp-content\/uploads\/2015\/10\/5-stars.png\"><img decoding=\"async\" loading=\"lazy\" class=\"wp-image-421 alignnone\" src=\"http:\/\/guitaracademy.es\/wp-content\/uploads\/2015\/10\/5-stars-300x53.png\" alt=\"5 stars\" width=\"74\" height=\"13\" srcset=\"https:\/\/guitaracademy.es\/wp-content\/uploads\/2015\/10\/5-stars-300x53.png 300w, https:\/\/guitaracademy.es\/wp-content\/uploads\/2015\/10\/5-stars-1024x181.png 1024w, https:\/\/guitaracademy.es\/wp-content\/uploads\/2015\/10\/5-stars.png 1139w\" sizes=\"(max-width: 74px) 100vw, 74px\" \/><\/a><\/b><i><br \/>\n\u201cLa experiencia en las clases es muy positiva. Aprendo facilmente ,pues tiene ese &#8220;don&#8221; de saber el como explicar y practicar en su justo momento.\u201d<\/i><\/p>\n<p><i> <\/i><b>Dani Silvestre\u00a0<a href=\"http:\/\/guitaracademy.es\/wp-content\/uploads\/2015\/10\/5-stars.png\"><img decoding=\"async\" loading=\"lazy\" class=\"wp-image-421 alignnone\" src=\"http:\/\/guitaracademy.es\/wp-content\/uploads\/2015\/10\/5-stars-300x53.png\" alt=\"5 stars\" width=\"74\" height=\"13\" srcset=\"https:\/\/guitaracademy.es\/wp-content\/uploads\/2015\/10\/5-stars-300x53.png 300w, https:\/\/guitaracademy.es\/wp-content\/uploads\/2015\/10\/5-stars-1024x181.png 1024w, https:\/\/guitaracademy.es\/wp-content\/uploads\/2015\/10\/5-stars.png 1139w\" sizes=\"(max-width: 74px) 100vw, 74px\" \/><\/a><\/b><i><br \/>\n\u201c\u00a1Gran profesor y mejor persona! :)\u201d<\/i><\/p>\n<p><i> <\/i><b>Ricardo Gala\u00a0<img decoding=\"async\" loading=\"lazy\" class=\"wp-image-422 alignnone\" src=\"http:\/\/guitaracademy.es\/wp-content\/uploads\/2015\/10\/4-stars-300x53.png\" alt=\"4 stars\" width=\"68\" height=\"12\" srcset=\"https:\/\/guitaracademy.es\/wp-content\/uploads\/2015\/10\/4-stars-300x53.png 300w, https:\/\/guitaracademy.es\/wp-content\/uploads\/2015\/10\/4-stars-1024x181.png 1024w, https:\/\/guitaracademy.es\/wp-content\/uploads\/2015\/10\/4-stars.png 1139w\" sizes=\"(max-width: 68px) 100vw, 68px\" \/><\/b><i><br \/>\n\u201cMuy buen profesor. Explica muy bien, conocimientos amplios de teor\u00eda musical, gran guitarrista, y muchas cosas m\u00e1s.\u201d<\/i><\/p>\n<p><i> <\/i><b>Gerard\u00a0<a href=\"http:\/\/guitaracademy.es\/wp-content\/uploads\/2015\/10\/5-stars.png\"><img decoding=\"async\" loading=\"lazy\" class=\"wp-image-421 alignnone\" src=\"http:\/\/guitaracademy.es\/wp-content\/uploads\/2015\/10\/5-stars-300x53.png\" alt=\"5 stars\" width=\"74\" height=\"13\" srcset=\"https:\/\/guitaracademy.es\/wp-content\/uploads\/2015\/10\/5-stars-300x53.png 300w, https:\/\/guitaracademy.es\/wp-content\/uploads\/2015\/10\/5-stars-1024x181.png 1024w, https:\/\/guitaracademy.es\/wp-content\/uploads\/2015\/10\/5-stars.png 1139w\" sizes=\"(max-width: 74px) 100vw, 74px\" \/><\/a><\/b><i><br \/>\n\u201cGenial! Aparte de ser un buen profesor es muy agradable y muy buena persona. Ayuda mucho asistir a sus clases para mejorar y conocer conceptos nuevos.Las clases son muy amenas y siempre tienes ganas de mas! Lo recomiendo.\u201d<\/i><\/p>\n<p><b>Dani Marcos\u00a0<img decoding=\"async\" loading=\"lazy\" class=\"wp-image-422 alignnone\" src=\"http:\/\/guitaracademy.es\/wp-content\/uploads\/2015\/10\/4-stars-300x53.png\" alt=\"4 stars\" width=\"68\" height=\"12\" srcset=\"https:\/\/guitaracademy.es\/wp-content\/uploads\/2015\/10\/4-stars-300x53.png 300w, https:\/\/guitaracademy.es\/wp-content\/uploads\/2015\/10\/4-stars-1024x181.png 1024w, https:\/\/guitaracademy.es\/wp-content\/uploads\/2015\/10\/4-stars.png 1139w\" sizes=\"(max-width: 68px) 100vw, 68px\" \/><br \/>\n\u201c<\/b><i>9 porque siempre buscamos algo mas barato. Aaron, muy amable y gracioso, nunca vas a salir con mala cara de las clases,sabe mucho de musica y tiene mucha cultura musical, se aprende r\u00e1pido y tiene buen equipo, guitarras y hace eventos de tanto en tanto.\u201d<\/i><\/p>\n<p><b>Paco\u00a0<a href=\"http:\/\/guitaracademy.es\/wp-content\/uploads\/2015\/10\/5-stars.png\"><img decoding=\"async\" loading=\"lazy\" class=\"wp-image-421 alignnone\" src=\"http:\/\/guitaracademy.es\/wp-content\/uploads\/2015\/10\/5-stars-300x53.png\" alt=\"5 stars\" width=\"74\" height=\"13\" srcset=\"https:\/\/guitaracademy.es\/wp-content\/uploads\/2015\/10\/5-stars-300x53.png 300w, https:\/\/guitaracademy.es\/wp-content\/uploads\/2015\/10\/5-stars-1024x181.png 1024w, https:\/\/guitaracademy.es\/wp-content\/uploads\/2015\/10\/5-stars.png 1139w\" sizes=\"(max-width: 74px) 100vw, 74px\" \/><\/a><\/b><br \/>\n\u201c<i>Simplemente Espectacular\u201d<\/i><\/p>\n","protected":false},"excerpt":{"rendered":"<p>Guitar Academy\u00a0presenta un nuevo concepto en el aprendizaje de la guitarra, ya que mezcla lo mejor de las escuelas de m\u00fasica, con lo mejor de las clases particulares. Un programa pedag\u00f3gico extra\u00eddo de las mejores escuelas tanto nacionales como internacionales y reconocido por el\u00a0London College of Music Exams\u00a0y\u00a0University of West London. Con la m\u00e1xima flexibilidad &#8230; <span class=\"more\"><a class=\"more-link\" href=\"https:\/\/guitaracademy.es\/\">[Read more&#8230;]<\/a><\/span><\/p>\n","protected":false},"author":1,"featured_media":0,"parent":0,"menu_order":0,"comment_status":"closed","ping_status":"open","template":"","meta":[],"_links":{"self":[{"href":"https:\/\/guitaracademy.es\/index.php\/wp-json\/wp\/v2\/pages\/2"}],"collection":[{"href":"https:\/\/guitaracademy.es\/index.php\/wp-json\/wp\/v2\/pages"}],"about":[{"href":"https:\/\/guitaracademy.es\/index.php\/wp-json\/wp\/v2\/types\/page"}],"author":[{"embeddable":true,"href":"https:\/\/guitaracademy.es\/index.php\/wp-json\/wp\/v2\/users\/1"}],"replies":[{"embeddable":true,"href":"https:\/\/guitaracademy.es\/index.php\/wp-json\/wp\/v2\/comments?post=2"}],"version-history":[{"count":13,"href":"https:\/\/guitaracademy.es\/index.php\/wp-json\/wp\/v2\/pages\/2\/revisions"}],"predecessor-version":[{"id":427,"href":"https:\/\/guitaracademy.es\/index.php\/wp-json\/wp\/v2\/pages\/2\/revisions\/427"}],"wp:attachment":[{"href":"https:\/\/guitaracademy.es\/index.php\/wp-json\/wp\/v2\/media?parent=2"}],"curies":[{"name":"wp","href":"https:\/\/api.w.org\/{rel}","templated":true}]}}